{"id":2220,"date":"2021-05-27T10:05:59","date_gmt":"2021-05-27T10:05:59","guid":{"rendered":"https:\/\/windwork-entwicklung.ch\/entagbbautechnik\/?page_id=2220"},"modified":"2021-08-18T08:33:08","modified_gmt":"2021-08-18T08:33:08","slug":"grundrahmen","status":"publish","type":"page","link":"https:\/\/windwork-entwicklung.ch\/entagbbautechnik\/grundrahmen\/","title":{"rendered":"Grundrahmen"},"content":{"rendered":"<p><div class=\"fusion-fullwidth fullwidth-box fusion-builder-row-1 fusion-flex-container fusion-parallax-none header-paddings nonhundred-percent-fullwidth non-hundred-percent-height-scrolling lazyload\" style=\"background-color: rgba(255,255,255,0);background-position: center center;background-repeat: no-repeat;border-width: 0px 0px 0px 0px;border-color:#eae9e9;border-style:solid;-webkit-background-size:cover;-moz-background-size:cover;-o-background-size:cover;background-size:cover;\" data-bg=\"https:\/\/windwork-entwicklung.ch\/entagbbautechnik\/wp-content\/uploads\/2021\/05\/AGB-Bautechnik-Holboden-.png\" ><div class=\"fusion-builder-row fusion-row fusion-flex-align-items-flex-start\" style=\"max-width:1216.8px;margin-left: calc(-4% \/ 2 );margin-right: calc(-4% \/ 2 );\"><div class=\"fusion-layout-column fusion_builder_column fusion-builder-column-0 fusion_builder_column_1_1 1_1 fusion-flex-column\"><div class=\"fusion-column-wrapper fusion-flex-justify-content-flex-start fusion-content-layout-column\" style=\"background-position:left top;background-repeat:no-repeat;-webkit-background-size:cover;-moz-background-size:cover;-o-background-size:cover;background-size:cover;padding: 0px 0px 0px 0px;\"><\/div><\/div><style type=\"text\/css\">.fusion-body .fusion-builder-column-0{width:100% !important;margin-top : 0px;margin-bottom : 0px;}.fusion-builder-column-0 > .fusion-column-wrapper {padding-top : 0px !important;padding-right : 0px !important;margin-right : 1.92%;padding-bottom : 0px !important;padding-left : 0px !important;margin-left : 1.92%;}@media only screen and (max-width:1024px) {.fusion-body .fusion-builder-column-0{width:100% !important;order : 0;}.fusion-builder-column-0 > .fusion-column-wrapper {margin-right : 1.92%;margin-left : 1.92%;}}@media only screen and (max-width:640px) {.fusion-body .fusion-builder-column-0{width:100% !important;order : 0;}.fusion-builder-column-0 > .fusion-column-wrapper {margin-right : 1.92%;margin-left : 1.92%;}}<\/style><\/div><style type=\"text\/css\">.fusion-body .fusion-flex-container.fusion-builder-row-1{ padding-top : 199px;margin-top : 0px;padding-right : 0px;padding-bottom : 199px;margin-bottom : 0px;padding-left : 0px;}<\/style><\/div><div class=\"fusion-fullwidth fullwidth-box fusion-builder-row-2 fusion-flex-container nonhundred-percent-fullwidth non-hundred-percent-height-scrolling\" style=\"background-color: #e23d28;background-position: left top;background-repeat: no-repeat;border-width: 0px 0px 0px 0px;border-color:#eae9e9;border-style:solid;\" ><div class=\"fusion-builder-row fusion-row fusion-flex-align-items-flex-start\" style=\"max-width:calc( 1170px + 0px );margin-left: calc(-0px \/ 2 );margin-right: calc(-0px \/ 2 );\"><div class=\"fusion-layout-column fusion_builder_column fusion-builder-column-1 fusion_builder_column_1_1 1_1 fusion-flex-column\"><div class=\"fusion-column-wrapper fusion-flex-justify-content-flex-start fusion-content-layout-column\" style=\"background-position:left top;background-repeat:no-repeat;-webkit-background-size:cover;-moz-background-size:cover;-o-background-size:cover;background-size:cover;padding: 0px 0px 0px 0px;\"><\/div><\/div><style type=\"text\/css\">.fusion-body .fusion-builder-column-1{width:100% !important;margin-top : 0px;margin-bottom : 0px;}.fusion-builder-column-1 > .fusion-column-wrapper {padding-top : 0px !important;padding-right : 0px !important;margin-right : 0px;padding-bottom : 0px !important;padding-left : 0px !important;margin-left : 0px;}@media only screen and (max-width:1024px) {.fusion-body .fusion-builder-column-1{width:100% !important;}.fusion-builder-column-1 > .fusion-column-wrapper {margin-right : 0px;margin-left : 0px;}}@media only screen and (max-width:640px) {.fusion-body .fusion-builder-column-1{width:100% !important;}.fusion-builder-column-1 > .fusion-column-wrapper {margin-right : 0px;margin-left : 0px;}}<\/style><\/div><style type=\"text\/css\">.fusion-body .fusion-flex-container.fusion-builder-row-2{ padding-top : 2px;margin-top : 0px;padding-right : 0px;padding-bottom : 2px;margin-bottom : 0px;padding-left : 0px;}<\/style><\/div><div class=\"fusion-fullwidth fullwidth-box fusion-builder-row-3 fusion-flex-container z-index-1 main-container nonhundred-percent-fullwidth non-hundred-percent-height-scrolling\" style=\"background-color: rgba(255,255,255,0);background-position: center center;background-repeat: no-repeat;border-width: 0px 0px 0px 0px;border-color:#eae9e9;border-style:solid;\" ><div class=\"fusion-builder-row fusion-row fusion-flex-align-items-center\" style=\"max-width:1216.8px;margin-left: calc(-4% \/ 2 );margin-right: calc(-4% \/ 2 );\"><div class=\"fusion-layout-column fusion_builder_column fusion-builder-column-2 fusion_builder_column_1_2 1_2 fusion-flex-column no-margin-tablet main-container-col-md fusion-animated\" data-animationType=\"fadeInUp\" data-animationDuration=\"1.2\" data-animationOffset=\"100%\"><div class=\"fusion-column-wrapper fusion-flex-justify-content-flex-start fusion-content-layout-column\" style=\"background-position:left top;background-repeat:no-repeat;-webkit-background-size:cover;-moz-background-size:cover;-o-background-size:cover;background-size:cover;padding: 0px 0px 0px 0px;\"><div style=\"text-align:left;\"><span class=\" fusion-imageframe imageframe-none imageframe-1 hover-type-none logo\" style=\"width:100%;max-width:40px;\"><img decoding=\"async\" width=\"61\" height=\"35\" title=\"Helm rot\" src=\"data:image\/svg+xml,%3Csvg%20xmlns%3D%27http%3A%2F%2Fwww.w3.org%2F2000%2Fsvg%27%20width%3D%2761%27%20height%3D%2735%27%20viewBox%3D%270%200%2061%2035%27%3E%3Crect%20width%3D%2761%27%20height%3D%27335%27%20fill-opacity%3D%220%22%2F%3E%3C%2Fsvg%3E\" data-orig-src=\"https:\/\/windwork-entwicklung.ch\/entagbbautechnik\/wp-content\/uploads\/2021\/03\/Helm-rot.png\" class=\"lazyload img-responsive wp-image-1357\"\/><\/span><\/div><style type=\"text\/css\">@media only screen and (max-width:1024px) {.fusion-title.fusion-title-1{margin-top:0px!important;margin-bottom:20px!important;}}@media only screen and (max-width:640px) {.fusion-title.fusion-title-1{margin-top:0px!important;margin-bottom:10px!important;}}<\/style><div class=\"fusion-title title fusion-title-1 fusion-sep-none fusion-title-text fusion-title-size-two\" style=\"margin-top:0px;margin-bottom:20px;\"><h2 class=\"title-heading-left\" style=\"margin:0;\">Grundrahmen<\/h2><\/div><div class=\"fusion-text fusion-text-1\" style=\"transform:translate3d(0,0,0);\"><p>AGB verf\u00fcgt \u00fcber eine CAD gest\u00fctzte Konstruktion, eine grossz\u00fcgig bemessene Werkstatt mit modernen Maschinen und \u00fcber geschultes Fachpersonal. Im AGB Metallbau- und Schlossereibetrieb werden projektbezogen Grundrahmen f\u00fcr Schaltschr\u00e4nke hergestellt und anschliessend\u00a0gegen Korrosion gesch\u00fctzt. Grundrahmen finden Anwendung meist in Elektror\u00e4umen als Fundament f\u00fcr Schaltschr\u00e4nke und Batterieanlagen.<\/p>\n<p class=\"p1\">Erdbebenert\u00fcchtigung fordert nicht nur die Planer sondern auch die AGB heraus. Die AGB Grundrahmen werden aufgrund der definierten baulichen Vorgaben durch Spezialisten berechnet und mit den entsprechenden Materialien in unserer Werkstatt hergestellt.<\/p>\n<\/div><\/div><\/div><style type=\"text\/css\">.fusion-body .fusion-builder-column-2{width:50% !important;margin-top : 0px;margin-bottom : 0px;}.fusion-builder-column-2 > .fusion-column-wrapper {padding-top : 0px !important;padding-right : 0px !important;margin-right : 9.216%;padding-bottom : 0px !important;padding-left : 0px !important;margin-left : 3.84%;}@media only screen and (max-width:1024px) {.fusion-body .fusion-builder-column-2{width:100% !important;order : 0;}.fusion-builder-column-2 > .fusion-column-wrapper {margin-right : 1.92%;margin-left : 1.92%;}}@media only screen and (max-width:640px) {.fusion-body .fusion-builder-column-2{width:100% !important;order : 0;}.fusion-builder-column-2 > .fusion-column-wrapper {margin-right : 1.92%;margin-left : 1.92%;}}<\/style><div class=\"fusion-layout-column fusion_builder_column fusion-builder-column-3 fusion_builder_column_1_2 1_2 fusion-flex-column main-container-col-md fusion-animated\" data-animationType=\"fadeInRight\" data-animationDuration=\"1.2\" data-animationOffset=\"100%\"><div class=\"fusion-column-wrapper fusion-flex-justify-content-center fusion-content-layout-column\" style=\"background-position:left top;background-repeat:no-repeat;-webkit-background-size:cover;-moz-background-size:cover;-o-background-size:cover;background-size:cover;padding: 0px 0px 0px 0px;\"><div style=\"text-align:center;\"><span class=\" fusion-imageframe imageframe-none imageframe-2 hover-type-none\" style=\"width:100%;max-width:700px;\"><img decoding=\"async\" width=\"600\" height=\"450\" title=\"binary comment\" src=\"https:\/\/windwork-entwicklung.ch\/entagbbautechnik\/wp-content\/uploads\/2021\/06\/AGB-Bautechnik-AG-Zubehoer-Grundrahmen-1.jpg\" data-orig-src=\"https:\/\/windwork-entwicklung.ch\/entagbbautechnik\/wp-content\/uploads\/2021\/06\/AGB-Bautechnik-AG-Zubehoer-Grundrahmen-1.jpg\" class=\"lazyload img-responsive wp-image-2494\" srcset=\"data:image\/svg+xml,%3Csvg%20xmlns%3D%27http%3A%2F%2Fwww.w3.org%2F2000%2Fsvg%27%20width%3D%27600%27%20height%3D%27450%27%20viewBox%3D%270%200%20600%20450%27%3E%3Crect%20width%3D%27600%27%20height%3D%273450%27%20fill-opacity%3D%220%22%2F%3E%3C%2Fsvg%3E\" data-srcset=\"https:\/\/windwork-entwicklung.ch\/entagbbautechnik\/wp-content\/uploads\/2021\/06\/AGB-Bautechnik-AG-Zubehoer-Grundrahmen-1-200x150.jpg 200w, https:\/\/windwork-entwicklung.ch\/entagbbautechnik\/wp-content\/uploads\/2021\/06\/AGB-Bautechnik-AG-Zubehoer-Grundrahmen-1-400x300.jpg 400w, https:\/\/windwork-entwicklung.ch\/entagbbautechnik\/wp-content\/uploads\/2021\/06\/AGB-Bautechnik-AG-Zubehoer-Grundrahmen-1.jpg 600w\" data-sizes=\"auto\" data-orig-sizes=\"(max-width: 1024px) 100vw, (max-width: 640px) 100vw, 600px\" \/><\/span><\/div><\/div><\/div><style type=\"text\/css\">.fusion-body .fusion-builder-column-3{width:50% !important;margin-top : 0px;margin-bottom : 0px;}.fusion-builder-column-3 > .fusion-column-wrapper {padding-top : 0px !important;padding-right : 0px !important;margin-right : 9.216%;padding-bottom : 0px !important;padding-left : 0px !important;margin-left : 3.84%;}@media only screen and (max-width:1024px) {.fusion-body .fusion-builder-column-3{width:100% !important;order : 0;}.fusion-builder-column-3 > .fusion-column-wrapper {margin-right : 1.92%;margin-left : 1.92%;}}@media only screen and (max-width:640px) {.fusion-body .fusion-builder-column-3{width:100% !important;order : 0;margin-bottom : 0;}.fusion-builder-column-3 > .fusion-column-wrapper {margin-right : 1.92%;margin-left : 1.92%;}}<\/style><\/div><style type=\"text\/css\">.fusion-body .fusion-flex-container.fusion-builder-row-3{ padding-top : 0px;margin-top : 50px;padding-right : 0px;padding-bottom : 0%;margin-bottom : 0px;padding-left : 0px;}@media only screen and (max-width:1024px) {.fusion-body .fusion-flex-container.fusion-builder-row-3{ padding-bottom : 0px;}}@media only screen and (max-width:640px) {.fusion-body .fusion-flex-container.fusion-builder-row-3{ padding-bottom : 0px;}}<\/style><\/div><div class=\"fusion-bg-parallax\" data-bg-align=\"center bottom\" data-direction=\"down\" data-mute=\"false\" data-opacity=\"100\" data-velocity=\"-0.3\" data-mobile-enabled=\"false\" data-break_parents=\"0\" data-bg-image=\"https:\/\/windwork-entwicklung.ch\/entagbbautechnik\/wp-content\/uploads\/2021\/07\/AGB-Bautechnik-AG-Kontakt.jpg\" data-bg-repeat=\"false\" data-bg-color=\"rgba(0,0,0,0.2)\" data-blend-mode=\"overlay\" ><\/div><div class=\"fusion-fullwidth fullwidth-box fusion-builder-row-4 fusion-flex-container fusion-parallax-down z-index-1 nonhundred-percent-fullwidth non-hundred-percent-height-scrolling lazyload\" style=\"background-color: rgba(0,0,0,0.2);background-position: center bottom;background-repeat: no-repeat;background-blend-mode: overlay;border-width: 0px 0px 0px 0px;border-color:#eae9e9;border-style:solid;-webkit-background-size:cover;-moz-background-size:cover;-o-background-size:cover;background-size:cover;\" data-bg=\"https:\/\/windwork-entwicklung.ch\/entagbbautechnik\/wp-content\/uploads\/2021\/07\/AGB-Bautechnik-AG-Kontakt.jpg\" ><div class=\"fusion-builder-row fusion-row fusion-flex-align-items-center\" style=\"max-width:1216.8px;margin-left: calc(-4% \/ 2 );margin-right: calc(-4% \/ 2 );\"><div class=\"fusion-layout-column fusion_builder_column fusion-builder-column-4 fusion_builder_column_2_3 2_3 fusion-flex-column\"><div class=\"fusion-column-wrapper fusion-flex-justify-content-center fusion-content-layout-column\" style=\"background-position:left top;background-repeat:no-repeat;-webkit-background-size:cover;-moz-background-size:cover;-o-background-size:cover;background-size:cover;padding: 0px 0px 0px 0px;\"><div style=\"text-align:left;\"><span class=\" fusion-imageframe imageframe-none imageframe-3 hover-type-none logo\" style=\"width:100%;max-width:40px;\"><img decoding=\"async\" width=\"61\" height=\"35\" title=\"Helm rot\" src=\"data:image\/svg+xml,%3Csvg%20xmlns%3D%27http%3A%2F%2Fwww.w3.org%2F2000%2Fsvg%27%20width%3D%2761%27%20height%3D%2735%27%20viewBox%3D%270%200%2061%2035%27%3E%3Crect%20width%3D%2761%27%20height%3D%27335%27%20fill-opacity%3D%220%22%2F%3E%3C%2Fsvg%3E\" data-orig-src=\"https:\/\/windwork-entwicklung.ch\/entagbbautechnik\/wp-content\/uploads\/2021\/03\/Helm-rot.png\" class=\"lazyload img-responsive wp-image-1357\"\/><\/span><\/div><style type=\"text\/css\">@media only screen and (max-width:1024px) {.fusion-title.fusion-title-2{margin-top:0px!important;margin-bottom:30px!important;}}@media only screen and (max-width:640px) {.fusion-title.fusion-title-2{margin-top:0px!important;margin-bottom:30px!important;}}<\/style><div class=\"fusion-title title fusion-title-2 fusion-sep-none fusion-title-text fusion-title-size-two\" style=\"font-size:34px;margin-top:0px;margin-bottom:30px;\"><h2 class=\"title-heading-left\" style=\"margin:0;font-size:1em;line-height:1.4em;letter-spacing:2px;color:#ffffff;\">Kontaktieren Sie uns<\/h2><\/div><style type=\"text\/css\">@media only screen and (max-width:1024px) {.fusion-title.fusion-title-3{margin-top:0px!important;margin-bottom:20px!important;}}@media only screen and (max-width:640px) {.fusion-title.fusion-title-3{margin-top:0px!important;margin-bottom:10px!important;}}<\/style><div class=\"fusion-title title fusion-title-3 fusion-sep-none fusion-title-text fusion-title-size-three\" style=\"margin-top:0px;margin-bottom:20px;\"><h3 class=\"title-heading-left\" style=\"margin:0;color:#ffffff;\">Unsere Experten beraten Sie gerne und unverbindlich.<\/h3><\/div><\/div><\/div><style type=\"text\/css\">.fusion-body .fusion-builder-column-4{width:66.666666666667% !important;margin-top : 25px;margin-bottom : 25px;}.fusion-builder-column-4 > .fusion-column-wrapper {padding-top : 0px !important;padding-right : 0px !important;margin-right : 2.88%;padding-bottom : 0px !important;padding-left : 0px !important;margin-left : 2.88%;}@media only screen and (max-width:1024px) {.fusion-body .fusion-builder-column-4{width:60% !important;order : 0;}.fusion-builder-column-4 > .fusion-column-wrapper {margin-right : 3.2%;margin-left : 3.2%;}}@media only screen and (max-width:640px) {.fusion-body .fusion-builder-column-4{width:100% !important;order : 0;}.fusion-builder-column-4 > .fusion-column-wrapper {margin-right : 1.92%;margin-left : 1.92%;}}<\/style><div class=\"fusion-layout-column fusion_builder_column fusion-builder-column-5 fusion_builder_column_1_3 1_3 fusion-flex-column\"><div class=\"fusion-column-wrapper fusion-flex-justify-content-center fusion-content-layout-column\" style=\"background-position:left top;background-repeat:no-repeat;-webkit-background-size:cover;-moz-background-size:cover;-o-background-size:cover;background-size:cover;padding: 0px 0px 0px 0px;\"><div class=\"sm-text-align-left\" style=\"text-align:center;\"><style type=\"text\/css\">.fusion-button.button-1 {border-radius:0px;}<\/style><a class=\"fusion-button button-flat button-xlarge button-default button-1 fusion-button-default-span fusion-button-default-type\" target=\"_self\" title=\"Kontakt\" href=\"https:\/\/windwork-entwicklung.ch\/entagbbautechnik\/kontakt\/\"><span class=\"fusion-button-text\">KONTAKT<\/span><\/a><\/div><div class=\"fusion-separator fusion-full-width-sep\" style=\"align-self: center;margin-left: auto;margin-right: auto;margin-top:10px;width:100%;\"><\/div><\/div><\/div><style type=\"text\/css\">.fusion-body .fusion-builder-column-5{width:33.333333333333% !important;margin-top : 0px;margin-bottom : 0px;}.fusion-builder-column-5 > .fusion-column-wrapper {padding-top : 0px !important;padding-right : 0px !important;margin-right : 5.76%;padding-bottom : 0px !important;padding-left : 0px !important;margin-left : 5.76%;}@media only screen and (max-width:1024px) {.fusion-body .fusion-builder-column-5{width:40% !important;}.fusion-builder-column-5 > .fusion-column-wrapper {margin-right : 4.8%;margin-left : 4.8%;}}@media only screen and (max-width:640px) {.fusion-body .fusion-builder-column-5{width:100% !important;}.fusion-builder-column-5 > .fusion-column-wrapper {margin-right : 1.92%;margin-left : 1.92%;}}<\/style><\/div><style type=\"text\/css\">.fusion-body .fusion-flex-container.fusion-builder-row-4{ padding-top : 10px;margin-top : 0px;padding-right : 0px;padding-bottom : 10px;margin-bottom : 0px;padding-left : 0px;}@media only screen and (max-width:1024px) {.fusion-body .fusion-flex-container.fusion-builder-row-4{ padding-right : 40px;padding-left : 40px;}}@media only screen and (max-width:640px) {.fusion-body .fusion-flex-container.fusion-builder-row-4{ padding-top : 40px;padding-right : 30px;padding-bottom : 40px;padding-left : 30px;}}<\/style><\/div><\/p>\n","protected":false},"excerpt":{"rendered":"","protected":false},"author":1,"featured_media":0,"parent":0,"menu_order":0,"comment_status":"closed","ping_status":"closed","template":"100-width.php","meta":{"footnotes":""},"class_list":["post-2220","page","type-page","status-publish","hentry"],"yoast_head":"<!-- This site is optimized with the Yoast SEO plugin v16.4 - https:\/\/yoast.com\/wordpress\/plugins\/seo\/ -->\n<title>Grundrahmen I AGB Bautechnik AG<\/title>\n<meta name=\"description\" content=\"Im AGB Metallbau- und Schlossereibetrieb werden projektbezogen Grundrahmen f\u00fcr Schaltschr\u00e4nke in Stahl oder Chromstahl hergestellt.\" \/>\n<meta name=\"robots\" content=\"index, follow, max-snippet:-1, max-image-preview:large, max-video-preview:-1\" \/>\n<link rel=\"canonical\" href=\"https:\/\/windwork-entwicklung.ch\/entagbbautechnik\/grundrahmen\/\" \/>\n<meta property=\"og:locale\" content=\"en_US\" \/>\n<meta property=\"og:type\" content=\"article\" \/>\n<meta property=\"og:title\" content=\"Grundrahmen I AGB Bautechnik AG\" \/>\n<meta property=\"og:description\" content=\"Im AGB Metallbau- und Schlossereibetrieb werden projektbezogen Grundrahmen f\u00fcr Schaltschr\u00e4nke in Stahl oder Chromstahl hergestellt.\" \/>\n<meta property=\"og:url\" content=\"https:\/\/windwork-entwicklung.ch\/entagbbautechnik\/grundrahmen\/\" \/>\n<meta property=\"og:site_name\" content=\"AGB Bautechnik AG\" \/>\n<meta property=\"article:modified_time\" content=\"2021-08-18T08:33:08+00:00\" \/>\n<meta name=\"twitter:card\" content=\"summary_large_image\" \/>\n<meta name=\"twitter:label1\" content=\"Est. reading time\" \/>\n\t<meta name=\"twitter:data1\" content=\"6 minutes\" \/>\n<script type=\"application\/ld+json\" class=\"yoast-schema-graph\">{\"@context\":\"https:\/\/schema.org\",\"@graph\":[{\"@type\":\"WebSite\",\"@id\":\"https:\/\/windwork-entwicklung.ch\/entagbbautechnik\/#website\",\"url\":\"https:\/\/windwork-entwicklung.ch\/entagbbautechnik\/\",\"name\":\"AGB Bautechnik AG\",\"description\":\"Moderne Bodenbel\\u00e4ge f\\u00fcr jeden Anspruch\",\"potentialAction\":[{\"@type\":\"SearchAction\",\"target\":\"https:\/\/windwork-entwicklung.ch\/entagbbautechnik\/?s={search_term_string}\",\"query-input\":\"required name=search_term_string\"}],\"inLanguage\":\"en-US\"},{\"@type\":\"WebPage\",\"@id\":\"https:\/\/windwork-entwicklung.ch\/entagbbautechnik\/grundrahmen\/#webpage\",\"url\":\"https:\/\/windwork-entwicklung.ch\/entagbbautechnik\/grundrahmen\/\",\"name\":\"Grundrahmen I AGB Bautechnik AG\",\"isPartOf\":{\"@id\":\"https:\/\/windwork-entwicklung.ch\/entagbbautechnik\/#website\"},\"datePublished\":\"2021-05-27T10:05:59+00:00\",\"dateModified\":\"2021-08-18T08:33:08+00:00\",\"description\":\"Im AGB Metallbau- und Schlossereibetrieb werden projektbezogen Grundrahmen f\\u00fcr Schaltschr\\u00e4nke in Stahl oder Chromstahl hergestellt.\",\"breadcrumb\":{\"@id\":\"https:\/\/windwork-entwicklung.ch\/entagbbautechnik\/grundrahmen\/#breadcrumb\"},\"inLanguage\":\"en-US\",\"potentialAction\":[{\"@type\":\"ReadAction\",\"target\":[\"https:\/\/windwork-entwicklung.ch\/entagbbautechnik\/grundrahmen\/\"]}]},{\"@type\":\"BreadcrumbList\",\"@id\":\"https:\/\/windwork-entwicklung.ch\/entagbbautechnik\/grundrahmen\/#breadcrumb\",\"itemListElement\":[{\"@type\":\"ListItem\",\"position\":1,\"item\":{\"@type\":\"WebPage\",\"@id\":\"https:\/\/windwork-entwicklung.ch\/entagbbautechnik\/\",\"url\":\"https:\/\/windwork-entwicklung.ch\/entagbbautechnik\/\",\"name\":\"Startseite\"}},{\"@type\":\"ListItem\",\"position\":2,\"item\":{\"@id\":\"https:\/\/windwork-entwicklung.ch\/entagbbautechnik\/grundrahmen\/#webpage\"}}]}]}<\/script>\n<!-- \/ Yoast SEO plugin. -->","_links":{"self":[{"href":"https:\/\/windwork-entwicklung.ch\/entagbbautechnik\/wp-json\/wp\/v2\/pages\/2220","targetHints":{"allow":["GET"]}}],"collection":[{"href":"https:\/\/windwork-entwicklung.ch\/entagbbautechnik\/wp-json\/wp\/v2\/pages"}],"about":[{"href":"https:\/\/windwork-entwicklung.ch\/entagbbautechnik\/wp-json\/wp\/v2\/types\/page"}],"author":[{"embeddable":true,"href":"https:\/\/windwork-entwicklung.ch\/entagbbautechnik\/wp-json\/wp\/v2\/users\/1"}],"replies":[{"embeddable":true,"href":"https:\/\/windwork-entwicklung.ch\/entagbbautechnik\/wp-json\/wp\/v2\/comments?post=2220"}],"version-history":[{"count":26,"href":"https:\/\/windwork-entwicklung.ch\/entagbbautechnik\/wp-json\/wp\/v2\/pages\/2220\/revisions"}],"predecessor-version":[{"id":3938,"href":"https:\/\/windwork-entwicklung.ch\/entagbbautechnik\/wp-json\/wp\/v2\/pages\/2220\/revisions\/3938"}],"wp:attachment":[{"href":"https:\/\/windwork-entwicklung.ch\/entagbbautechnik\/wp-json\/wp\/v2\/media?parent=2220"}],"curies":[{"name":"wp","href":"https:\/\/api.w.org\/{rel}","templated":true}]}}