{"id":4836,"date":"2020-11-23T13:50:37","date_gmt":"2020-11-23T13:50:37","guid":{"rendered":"https:\/\/windwork-entwicklung.ch\/entvonrohr\/datenschutzerklaerung\/"},"modified":"2021-02-02T09:09:43","modified_gmt":"2021-02-02T09:09:43","slug":"declaration-de-confidentialite","status":"publish","type":"page","link":"https:\/\/windwork-entwicklung.ch\/entvonrohr\/fr\/declaration-de-confidentialite\/","title":{"rendered":"D\u00e9claration de confidentialit\u00e9"},"content":{"rendered":"<p><div class=\"fusion-fullwidth fullwidth-box fusion-builder-row-1 fusion-flex-container fusion-parallax-none nonhundred-percent-fullwidth non-hundred-percent-height-scrolling\" style=\"background-color: rgba(255,255,255,0);background-image: url(&quot;https:\/\/windwork-entwicklung.ch\/entvonrohr\/wp-content\/uploads\/2020\/11\/Image4.png&quot;);background-position: center center;background-repeat: no-repeat;border-width: 0px 0px 0px 0px;border-color:#eae9e9;border-style:solid;-webkit-background-size:cover;-moz-background-size:cover;-o-background-size:cover;background-size:cover;\" ><div class=\"fusion-builder-row fusion-row fusion-flex-align-items-flex-start\" style=\"max-width:1216.8px;margin-left: calc(-4% \/ 2 );margin-right: calc(-4% \/ 2 );\"><div class=\"fusion-layout-column fusion_builder_column fusion-builder-column-0 fusion_builder_column_1_1 1_1 fusion-flex-column\"><div class=\"fusion-column-wrapper fusion-flex-justify-content-flex-start fusion-content-layout-column\" style=\"background-position:left top;background-repeat:no-repeat;-webkit-background-size:cover;-moz-background-size:cover;-o-background-size:cover;background-size:cover;padding: 0px 0px 0px 0px;\"><div class=\"fusion-separator fusion-no-small-visibility fusion-full-width-sep\" style=\"align-self: center;margin-left: auto;margin-right: auto;margin-top:160px;width:100%;\"><\/div><div class=\"fusion-separator fusion-no-medium-visibility fusion-no-large-visibility fusion-full-width-sep\" style=\"align-self: center;margin-left: auto;margin-right: auto;margin-top:80px;width:100%;\"><\/div><\/div><\/div><style type=\"text\/css\">.fusion-body .fusion-builder-column-0{width:100% !important;margin-top : 0px;margin-bottom : 20px;}.fusion-builder-column-0 > .fusion-column-wrapper {padding-top : 0px !important;padding-right : 0px !important;margin-right : 1.92%;padding-bottom : 0px !important;padding-left : 0px !important;margin-left : 1.92%;}@media only screen and (max-width:1024px) {.fusion-body .fusion-builder-column-0{width:100% !important;order : 0;}.fusion-builder-column-0 > .fusion-column-wrapper {margin-right : 1.92%;margin-left : 1.92%;}}@media only screen and (max-width:640px) {.fusion-body .fusion-builder-column-0{width:100% !important;order : 0;}.fusion-builder-column-0 > .fusion-column-wrapper {margin-right : 1.92%;margin-left : 1.92%;}}<\/style><\/div><style type=\"text\/css\">.fusion-body .fusion-flex-container.fusion-builder-row-1{ padding-top : 0px;margin-top : 0px;padding-right : 0px;padding-bottom : 0px;margin-bottom : 0px;padding-left : 0px;}<\/style><\/div><div class=\"fusion-fullwidth fullwidth-box fusion-builder-row-2 fusion-flex-container nonhundred-percent-fullwidth non-hundred-percent-height-scrolling\" style=\"background-color: #ffffff;background-position: center center;background-repeat: no-repeat;border-width: 0px 0px 0px 0px;border-color:#eae9e9;border-style:solid;\" ><div class=\"fusion-builder-row fusion-row fusion-flex-align-items-flex-start\" style=\"max-width:1216.8px;margin-left: calc(-4% \/ 2 );margin-right: calc(-4% \/ 2 );\"><div class=\"fusion-layout-column fusion_builder_column fusion-builder-column-1 fusion_builder_column_1_1 1_1 fusion-flex-column\"><div class=\"fusion-column-wrapper fusion-flex-justify-content-flex-start fusion-content-layout-column\" style=\"background-position:left top;background-repeat:no-repeat;-webkit-background-size:cover;-moz-background-size:cover;-o-background-size:cover;background-size:cover;padding: 0px 0px 0px 0px;\"><div class=\"fusion-separator fusion-full-width-sep\" style=\"align-self: center;margin-left: auto;margin-right: auto;margin-top:50px;width:100%;\"><\/div><style type=\"text\/css\">@media only screen and (max-width:1024px) {.fusion-title.fusion-title-1{margin-top:0px!important;margin-bottom:0px!important;}}<\/style><div class=\"fusion-title title fusion-title-1 fusion-title-text fusion-title-size-one\" style=\"font-size:30px;margin-top:0px;margin-bottom:0px;\"><div class=\"title-sep-container title-sep-container-left fusion-no-large-visibility fusion-no-medium-visibility fusion-no-small-visibility\"><div class=\"title-sep sep-\" style=\"border-color:#e2e2e2;\"><\/div><\/div><h1 class=\"title-heading-left\" style=\"margin:0;font-size:1em;\"><p class=\"entry-title\">D\u00e9claration de confidentialit\u00e9<\/p><\/h1><div class=\"title-sep-container title-sep-container-right\"><div class=\"title-sep sep-\" style=\"border-color:#e2e2e2;\"><\/div><\/div><\/div><div class=\"fusion-separator fusion-full-width-sep\" style=\"align-self: center;margin-left: auto;margin-right: auto;margin-top:20px;width:100%;\"><\/div><div ><span class=\" fusion-imageframe imageframe-none imageframe-1 hover-type-none\" style=\"width:100%;max-width:70px;\"><img width=\"72\" height=\"6\" title=\"von Rohr\" src=\"https:\/\/windwork-entwicklung.ch\/entvonrohr\/wp-content\/uploads\/2020\/11\/von-Rohr-1.png\" class=\"img-responsive wp-image-5056\"\/><\/span><\/div><div class=\"fusion-separator fusion-full-width-sep\" style=\"align-self: center;margin-left: auto;margin-right: auto;margin-top:20px;width:100%;\"><\/div><div class=\"fusion-text fusion-text-1\" style=\"transform:translate3d(0,0,0);\"><p>Par la pr\u00e9sente d\u00e9claration de confidentialit\u00e9, VON ROHR ARMATUREN AG souhaite fournir des informations sur la fa\u00e7on dont sont g\u00e9r\u00e9es les donn\u00e9es tout comme les donn\u00e9es \u00e0 caract\u00e8re personnel des utilisateurs.<\/p>\n<h4>Consentement<\/h4>\n<p>Ce site web a recours \u00e0 des technologies qui utilisent des cookies pour vous pr\u00e9senter des annonces publicitaires qui sont pertinentes \u00e0 vos yeux et pour analyser les donn\u00e9es li\u00e9es au comportement d\u2019utilisation. En utilisant le pr\u00e9sent site web, vous acceptez que les donn\u00e9es anonymis\u00e9es collect\u00e9es sur vous soient enregistr\u00e9es et trait\u00e9es aux fins \u00e9nonc\u00e9es.<br \/>\nEn cas de d\u00e9saccord de votre part, vous pouvez bien entendu faire usage des m\u00e9thodes opt-out expliqu\u00e9es ci-apr\u00e8s.<br \/>\nVous pouvez refuser ou configurer l\u2019utilisation des cookies dans les versions actuelles de tous les navigateurs web courants (comme Firefox, Chrome, Internet Explorer, Edge et Safari). En outre, les fournisseurs des fonctionnalit\u00e9s d\u2019analyse et de marketing mentionn\u00e9es mettent \u00e0 disposition leurs propres outils (par ex. des modules compl\u00e9mentaires sp\u00e9ciaux pour navigateur ou des cookies opt-out) pour param\u00e9trer vos cookies et autres moyens similaires. Vous pouvez aussi bloquer l\u2019utilisation de cookies de mani\u00e8re cibl\u00e9e pour la publicit\u00e9 sur les <a href=\"https:\/\/adssettings.google.com\/authenticated\" target=\"_blank\" rel=\"noopener noreferrer\">services Google <\/a>ainsi que de bien d\u2019autres fournisseurs (<a href=\"https:\/\/optout.aboutads.info\/\" target=\"_blank\" rel=\"noopener noreferrer\">sur la Digital Advertising Alliance<\/a>).<\/p>\n<h4>Finalit\u00e9s<\/h4>\n<p>Nous utilisons les donn\u00e9es que nous recueillons afin d\u2019entretenir les relations avec nos clients et les personnes int\u00e9ress\u00e9es par nos services, par ex. pour concevoir notre newsletter, perfectionner notre site Internet et l\u2019adapter aux nouveaux besoins, ainsi que pour vous proposer des informations et des services pertinents.<\/p>\n<h4>Informations consign\u00e9es dans les fichiers journaux lors de votre visite de notre site web<\/h4>\n<p>Le fournisseur d\u2019acc\u00e8s des pages recueille et enregistre automatiquement des informations dans des \u00abfichiers journaux du serveur\u00bb, que votre navigateur nous transmet automatiquement. Il s\u2019agit des informations suivantes:<\/p>\n<p>Type de navigateur et version de navigateur<br \/>\nSyst\u00e8me d\u2019exploitation utilis\u00e9<br \/>\nURL pr\u00e9c\u00e9demment visit\u00e9e<br \/>\nNom d\u2019h\u00f4te de l\u2019ordinateur utilis\u00e9 pour acc\u00e9der au site<br \/>\nHeure de la requ\u00eate adress\u00e9e au serveur<br \/>\nAdresse IP<br \/>\nCes donn\u00e9es ne sont pas recoup\u00e9es avec d\u2019autres sources de donn\u00e9es.<\/p>\n<h4>Donn\u00e9es \u00e0 caract\u00e8re personnel<\/h4>\n<p>Les donn\u00e9es \u00e0 caract\u00e8re personnel comme votre nom, votre adresse, votre num\u00e9ro de t\u00e9l\u00e9phone ou votre adresse e-mail ne sont enregistr\u00e9es que si vous nous les communiquez volontairement, par exemple lors d\u2019une prise de contact, l\u2019abonnement \u00e0 la newsletter, l\u2019inscription \u00e0 un s\u00e9minaire ou un \u00e9v\u00e9nement.<br \/>\nVON ROHR ARMATUREN AG ne transmet pas vos donn\u00e9es \u00e0 des tiers.<\/p>\n<h4>Google Analytics<\/h4>\n<p>Le pr\u00e9sent site web utilise Google Analytics, un outil d\u2019analyse qui traite statistiquement des donn\u00e9es concernant l\u2019utilisation de notre site Internet par les utilisateurs. Cet outil envoie aux serveurs de Google des informations sur les consultations du site et les actions des utilisateurs (p. ex. la dur\u00e9e, la s\u00e9quence et l\u2019URL des visites et des consultations de pages, le site consult\u00e9 pr\u00e9c\u00e9demment, ainsi que des informations concernant l\u2019appareil, le syst\u00e8me d\u2019exploitation, le navigateur, les param\u00e8tres utilis\u00e9s et le lieu approximatif). Il place des cookies et des moyens similaires, p. ex. des pixels de suivi, afin de reconna\u00eetre les utilisateurs et de pouvoir leur attribuer diff\u00e9rentes actions et visites depuis diff\u00e9rents appareils et au cours de diff\u00e9rentes sessions, et ce, au moyen d\u2019attributs anonymes tels que des num\u00e9ros d\u2019identification al\u00e9atoires. Aucune donn\u00e9e \u00e0 caract\u00e8re personnel n\u2019est transmise \u00e0 Google; les adresses IP servant \u00e0 la localisation sont pr\u00e9alablement \u00abmasqu\u00e9es\u00bb (amput\u00e9es de certains chiffres). Google fournit de plus amples d\u00e9tails dans <a href=\"https:\/\/policies.google.com\/privacy\/partners\" target=\"_blank\" rel=\"noopener noreferrer\">sa politique de confidentialit\u00e9.<\/a><br \/>\nVous pouvez d\u00e9sactiver Google Analytics pour votre navigateur \u00e0 l\u2019aide d\u2019un <a href=\"https:\/\/tools.google.com\/dlpage\/gaoptout\" target=\"_blank\" rel=\"noopener noreferrer\">module compl\u00e9mentaire.<\/a><\/p>\n<h4>Google Ads<\/h4>\n<p>Google Ads sont des offres publicitaires de Google, qui utilisent des cookies pour reconna\u00eetre les visiteurs de notre site Internet sur d\u2019autres services. Vous pouvez refuser ce proc\u00e9d\u00e9 en configurant les param\u00e8tres de votre navigateur sur la <a href=\"https:\/\/myaccount.google.com\/not-supported\" target=\"_blank\" rel=\"noopener noreferrer\">page de choix de Google<\/a>.<\/p>\n<h4>Google Ads Conversions<\/h4>\n<p>Google Ads Conversions nous permettent de d\u00e9terminer dans quelle mesure les clics sur les annonces ou les informations publi\u00e9es sur les plates-formes de Google conduisent effectivement \u00e0 des transactions et actions similaires chez nous de la part des utilisateurs. Ces fonctionnalit\u00e9s ont recours \u00e0 des cookies temporaires de Google et ne traitent pas de donn\u00e9es utilisateur individuelles. Vous pouvez emp\u00eacher l\u2019utilisation de ces cookies dans les options fournies par Google ou en configurant les param\u00e8tres correspondants de votre navigateur.<\/p>\n<\/div><\/div><\/div><style type=\"text\/css\">.fusion-body .fusion-builder-column-1{width:100% !important;margin-top : 0px;margin-bottom : 20px;}.fusion-builder-column-1 > .fusion-column-wrapper {padding-top : 0px !important;padding-right : 0px !important;margin-right : 1.92%;padding-bottom : 0px !important;padding-left : 0px !important;margin-left : 1.92%;}@media only screen and (max-width:1024px) {.fusion-body .fusion-builder-column-1{width:100% !important;order : 0;}.fusion-builder-column-1 > .fusion-column-wrapper {margin-right : 1.92%;margin-left : 1.92%;}}@media only screen and (max-width:640px) {.fusion-body .fusion-builder-column-1{width:100% !important;order : 0;}.fusion-builder-column-1 > .fusion-column-wrapper {margin-right : 1.92%;margin-left : 1.92%;}}<\/style><\/div><style type=\"text\/css\">.fusion-body .fusion-flex-container.fusion-builder-row-2{ padding-top : 0px;margin-top : 0px;padding-right : 0px;padding-bottom : 0px;margin-bottom : 20px;padding-left : 0px;}<\/style><\/div><\/p>\n","protected":false},"excerpt":{"rendered":"","protected":false},"author":1,"featured_media":0,"parent":0,"menu_order":0,"comment_status":"closed","ping_status":"closed","template":"100-width.php","meta":[],"yoast_head":"<!-- This site is optimized with the Yoast SEO plugin v15.7 - https:\/\/yoast.com\/wordpress\/plugins\/seo\/ -->\n<title>D\u00e9claration de confidentialit\u00e9 - von Rohr Armaturen AG<\/title>\n<meta name=\"robots\" content=\"noindex, follow, max-snippet:-1, max-image-preview:large, max-video-preview:-1\" \/>\n<meta property=\"og:locale\" content=\"fr_FR\" \/>\n<meta property=\"og:type\" content=\"article\" \/>\n<meta property=\"og:title\" content=\"D\u00e9claration de confidentialit\u00e9 - von Rohr Armaturen AG\" \/>\n<meta property=\"og:url\" content=\"https:\/\/windwork-entwicklung.ch\/entvonrohr\/fr\/declaration-de-confidentialite\/\" \/>\n<meta property=\"og:site_name\" content=\"von Rohr Armaturen AG\" \/>\n<meta property=\"article:modified_time\" content=\"2021-02-02T09:09:43+00:00\" \/>\n<meta name=\"twitter:card\" content=\"summary_large_image\" \/>\n<meta name=\"twitter:label1\" content=\"Dur\u00e9e de lecture est.\">\n\t<meta name=\"twitter:data1\" content=\"6 minutes\">\n<script type=\"application\/ld+json\" class=\"yoast-schema-graph\">{\"@context\":\"https:\/\/schema.org\",\"@graph\":[{\"@type\":\"WebSite\",\"@id\":\"https:\/\/windwork-entwicklung.ch\/entvonrohr\/#website\",\"url\":\"https:\/\/windwork-entwicklung.ch\/entvonrohr\/\",\"name\":\"von Rohr Armaturen AG\",\"description\":\"Schweizer Pr\\u00e4zision im Flow- und Stellbereich\",\"potentialAction\":[{\"@type\":\"SearchAction\",\"target\":\"https:\/\/windwork-entwicklung.ch\/entvonrohr\/?s={search_term_string}\",\"query-input\":\"required name=search_term_string\"}],\"inLanguage\":\"fr-FR\"},{\"@type\":\"WebPage\",\"@id\":\"https:\/\/windwork-entwicklung.ch\/entvonrohr\/fr\/declaration-de-confidentialite\/#webpage\",\"url\":\"https:\/\/windwork-entwicklung.ch\/entvonrohr\/fr\/declaration-de-confidentialite\/\",\"name\":\"D\\u00e9claration de confidentialit\\u00e9 - von Rohr Armaturen AG\",\"isPartOf\":{\"@id\":\"https:\/\/windwork-entwicklung.ch\/entvonrohr\/#website\"},\"datePublished\":\"2020-11-23T13:50:37+00:00\",\"dateModified\":\"2021-02-02T09:09:43+00:00\",\"inLanguage\":\"fr-FR\",\"potentialAction\":[{\"@type\":\"ReadAction\",\"target\":[\"https:\/\/windwork-entwicklung.ch\/entvonrohr\/fr\/declaration-de-confidentialite\/\"]}]}]}<\/script>\n<!-- \/ Yoast SEO plugin. -->","_links":{"self":[{"href":"https:\/\/windwork-entwicklung.ch\/entvonrohr\/fr\/wp-json\/wp\/v2\/pages\/4836"}],"collection":[{"href":"https:\/\/windwork-entwicklung.ch\/entvonrohr\/fr\/wp-json\/wp\/v2\/pages"}],"about":[{"href":"https:\/\/windwork-entwicklung.ch\/entvonrohr\/fr\/wp-json\/wp\/v2\/types\/page"}],"author":[{"embeddable":true,"href":"https:\/\/windwork-entwicklung.ch\/entvonrohr\/fr\/wp-json\/wp\/v2\/users\/1"}],"replies":[{"embeddable":true,"href":"https:\/\/windwork-entwicklung.ch\/entvonrohr\/fr\/wp-json\/wp\/v2\/comments?post=4836"}],"version-history":[{"count":5,"href":"https:\/\/windwork-entwicklung.ch\/entvonrohr\/fr\/wp-json\/wp\/v2\/pages\/4836\/revisions"}],"predecessor-version":[{"id":5519,"href":"https:\/\/windwork-entwicklung.ch\/entvonrohr\/fr\/wp-json\/wp\/v2\/pages\/4836\/revisions\/5519"}],"wp:attachment":[{"href":"https:\/\/windwork-entwicklung.ch\/entvonrohr\/fr\/wp-json\/wp\/v2\/media?parent=4836"}],"curies":[{"name":"wp","href":"https:\/\/api.w.org\/{rel}","templated":true}]}}