{"id":3856,"date":"2020-11-23T13:50:37","date_gmt":"2020-11-23T13:50:37","guid":{"rendered":"https:\/\/windwork-entwicklung.ch\/entvonrohr\/?page_id=3856"},"modified":"2021-01-18T09:48:38","modified_gmt":"2021-01-18T09:48:38","slug":"datenschutzerklaerung","status":"publish","type":"page","link":"https:\/\/windwork-entwicklung.ch\/entvonrohr\/datenschutzerklaerung\/","title":{"rendered":"Datenschutzerkl\u00e4rung"},"content":{"rendered":"<p><div class=\"fusion-fullwidth fullwidth-box fusion-builder-row-1 fusion-flex-container fusion-parallax-none nonhundred-percent-fullwidth non-hundred-percent-height-scrolling\" style=\"background-color: rgba(255,255,255,0);background-image: url(&quot;https:\/\/windwork-entwicklung.ch\/entvonrohr\/wp-content\/uploads\/2020\/11\/Image4.png&quot;);background-position: center center;background-repeat: no-repeat;border-width: 0px 0px 0px 0px;border-color:#eae9e9;border-style:solid;-webkit-background-size:cover;-moz-background-size:cover;-o-background-size:cover;background-size:cover;\" ><div class=\"fusion-builder-row fusion-row fusion-flex-align-items-flex-start\" style=\"max-width:1216.8px;margin-left: calc(-4% \/ 2 );margin-right: calc(-4% \/ 2 );\"><div class=\"fusion-layout-column fusion_builder_column fusion-builder-column-0 fusion_builder_column_1_1 1_1 fusion-flex-column\"><div class=\"fusion-column-wrapper fusion-flex-justify-content-flex-start fusion-content-layout-column\" style=\"background-position:left top;background-repeat:no-repeat;-webkit-background-size:cover;-moz-background-size:cover;-o-background-size:cover;background-size:cover;padding: 0px 0px 0px 0px;\"><div class=\"fusion-separator fusion-no-small-visibility fusion-full-width-sep\" style=\"align-self: center;margin-left: auto;margin-right: auto;margin-top:160px;width:100%;\"><\/div><div class=\"fusion-separator fusion-no-medium-visibility fusion-no-large-visibility fusion-full-width-sep\" style=\"align-self: center;margin-left: auto;margin-right: auto;margin-top:80px;width:100%;\"><\/div><\/div><\/div><style type=\"text\/css\">.fusion-body .fusion-builder-column-0{width:100% !important;margin-top : 0px;margin-bottom : 20px;}.fusion-builder-column-0 > .fusion-column-wrapper {padding-top : 0px !important;padding-right : 0px !important;margin-right : 1.92%;padding-bottom : 0px !important;padding-left : 0px !important;margin-left : 1.92%;}@media only screen and (max-width:1024px) {.fusion-body .fusion-builder-column-0{width:100% !important;order : 0;}.fusion-builder-column-0 > .fusion-column-wrapper {margin-right : 1.92%;margin-left : 1.92%;}}@media only screen and (max-width:640px) {.fusion-body .fusion-builder-column-0{width:100% !important;order : 0;}.fusion-builder-column-0 > .fusion-column-wrapper {margin-right : 1.92%;margin-left : 1.92%;}}<\/style><\/div><style type=\"text\/css\">.fusion-body .fusion-flex-container.fusion-builder-row-1{ padding-top : 0px;margin-top : 0px;padding-right : 0px;padding-bottom : 0px;margin-bottom : 0px;padding-left : 0px;}<\/style><\/div><div class=\"fusion-fullwidth fullwidth-box fusion-builder-row-2 fusion-flex-container nonhundred-percent-fullwidth non-hundred-percent-height-scrolling\" style=\"background-color: #ffffff;background-position: center center;background-repeat: no-repeat;border-width: 0px 0px 0px 0px;border-color:#eae9e9;border-style:solid;\" ><div class=\"fusion-builder-row fusion-row fusion-flex-align-items-flex-start\" style=\"max-width:1216.8px;margin-left: calc(-4% \/ 2 );margin-right: calc(-4% \/ 2 );\"><div class=\"fusion-layout-column fusion_builder_column fusion-builder-column-1 fusion_builder_column_1_1 1_1 fusion-flex-column\"><div class=\"fusion-column-wrapper fusion-flex-justify-content-flex-start fusion-content-layout-column\" style=\"background-position:left top;background-repeat:no-repeat;-webkit-background-size:cover;-moz-background-size:cover;-o-background-size:cover;background-size:cover;padding: 0px 0px 0px 0px;\"><div class=\"fusion-separator fusion-full-width-sep\" style=\"align-self: center;margin-left: auto;margin-right: auto;margin-top:50px;width:100%;\"><\/div><style type=\"text\/css\">@media only screen and (max-width:1024px) {.fusion-title.fusion-title-1{margin-top:0px!important;margin-bottom:0px!important;}}<\/style><div class=\"fusion-title title fusion-title-1 fusion-title-text fusion-title-size-one\" style=\"font-size:30px;margin-top:0px;margin-bottom:0px;\"><div class=\"title-sep-container title-sep-container-left fusion-no-large-visibility fusion-no-medium-visibility fusion-no-small-visibility\"><div class=\"title-sep sep-\" style=\"border-color:#e2e2e2;\"><\/div><\/div><h1 class=\"title-heading-left\" style=\"margin:0;font-size:1em;\">Datenschutzerkl\u00e4rung<\/h1><div class=\"title-sep-container title-sep-container-right\"><div class=\"title-sep sep-\" style=\"border-color:#e2e2e2;\"><\/div><\/div><\/div><div class=\"fusion-separator fusion-full-width-sep\" style=\"align-self: center;margin-left: auto;margin-right: auto;margin-top:20px;width:100%;\"><\/div><div ><span class=\" fusion-imageframe imageframe-none imageframe-1 hover-type-none\" style=\"width:100%;max-width:70px;\"><img width=\"72\" height=\"6\" title=\"von Rohr\" src=\"https:\/\/windwork-entwicklung.ch\/entvonrohr\/wp-content\/uploads\/2020\/11\/von-Rohr-1.png\" class=\"img-responsive wp-image-3734\"\/><\/span><\/div><div class=\"fusion-separator fusion-full-width-sep\" style=\"align-self: center;margin-left: auto;margin-right: auto;margin-top:20px;width:100%;\"><\/div><div class=\"fusion-text fusion-text-1\" style=\"transform:translate3d(0,0,0);\"><p>Mit dieser Datenschutzerkl\u00e4rung m\u00f6chte die VON ROHR ARMATUREN AG dar\u00fcber informieren, wie mit den Daten wie auch den personenbezogenen Daten der Nutzer umgegangen wird.<\/p>\n<h4>Einverst\u00e4ndnis<\/h4>\n<p>Diese Webseite benutzt Technologien, die Cookies verwenden, um Ihnen f\u00fcr Sie relevante Werbeanzeigen zu pr\u00e4sentieren und Verhaltensdaten auszuwerten. Durch die Nutzung dieser Webseite erkl\u00e4ren Sie sich mit der Speicherung und Bearbeitung der \u00fcber Sie erhobenen anonymisierten Daten zu den benannten Zwecken einverstanden.<\/p>\n<p>Falls Sie damit nicht einverstanden sind, k\u00f6nnen Sie selbstverst\u00e4ndlich von die im Folgenden erl\u00e4uterten Opt-out-Methoden nutzen.<\/p>\n<p>Den Einsatz von Cookies k\u00f6nnen Sie in den aktuellen Versionen aller gebr\u00e4uchlichen Webbrowser (wie Firefox, Chrome, Internet Explorer, Edge und Safari) ablehnen bzw. steuern. Dar\u00fcber hinaus stellen die Anbieter der erw\u00e4hnten Analyse- und Marketingfunktionen eigene Hilfsmittel (wie z.B. spezielle Browser-Add-Ons oder Opt-out Cookies) f\u00fcr Einstellungen ihrer Cookies und \u00e4hnlichen Mittel zur Verf\u00fcgung. Sie k\u00f6nnen die Anwendung von Cookies auch gezielt f\u00fcr Werbung auf <a href=\"https:\/\/adssettings.google.com\/authenticated\" target=\"_blank\" rel=\"noopener noreferrer\">Google-Diensten<\/a> sowie etlicher weiterer Anbieter (<a href=\"https:\/\/optout.aboutads.info\/\" target=\"_blank\" rel=\"noopener noreferrer\">auf der Digital Advertising Alliance<\/a>) unterbinden.<\/p>\n<h4>Zwecke<\/h4>\n<p>Die von uns erhobenen Daten nutzen wir, um die Beziehung zu unseren Kunden und Interessenten an unseren Services zu pflegen, z.B. zur Gestaltung unseres Newsletters, um unseren Webauftritt weiterzuentwickeln und an neue Bed\u00fcrfnisse anzupassen und um ihnen relevante Informationen und Dienstleistungen anzubieten.<\/p>\n<h4>Logfile-Informationen beim Besuch unserer Webseite<\/h4>\n<p>Der Provider der Seiten erhebt und speichert automatisch Informationen in so genannten Server-Log-Dateien, die Ihr Browser automatisch an uns \u00fcbermittelt. Dies sind:<\/p>\n<p>Browsertyp und Browserversion<br \/>\nverwendetes Betriebssystem<br \/>\nReferrer URL<br \/>\nHostname des zugreifenden Rechners<br \/>\nUhrzeit der Serveranfrage<br \/>\nIP-Adresse<br \/>\nEine Zusammenf\u00fchrung dieser Daten mit anderen Datenquellen wird nicht vorgenommen.<\/p>\n<h4>Personenbezogene Daten<\/h4>\n<p>Personenbezogene Daten wie Ihr Name, Ihre Anschrift, Telefonnummer oder E-Mail-Adresse werden nur erfasst, wenn diese Angaben freiwillig gemacht werden, etwa bei einer Kontaktaufnahme, Newsletter-Anmeldung oder Seminar oder Event Anmeldung.<br \/>\nVON ROHR ARMATUREN AG gibt Ihre Daten nicht an Dritte weiter.<\/p>\n<h4>Google Analytics<\/h4>\n<p>Diese Webseite benutzt Google Analytics, ein Analyse-Tool, das Daten \u00fcber die Verwendung unserer Website durch Nutzer statistisch aufbereitet. Es sendet Angaben \u00fcber Seitenaufrufe und Schritte von Nutzern (z.B. die Dauer, Abfolge und URL von Besuchen und Seitenaufrufen, die Seite, von der der Nutzer kam, sowie Informationen \u00fcber das verwendete Ger\u00e4t, Betriebssystem, Browser und Einstellungen und den ungef\u00e4hren Standort) an die Server von Google. Es setzt Cookies und \u00e4hnliche Mittel, z.B. sogenannte Tracking Pixel ein, um Nutzer wiederzukennen und ihnen verschiedene Schritte und Besuche \u00fcber verschiedene Ger\u00e4te und Sessions hinweg zuordnen zu k\u00f6nnen; dies mittels anonymer Merkmale, wie etwa zuf\u00e4lliger Identifikationsnummern. Es werden keine personenbezogenen Daten an Google \u00fcbermittelt; IP-Adressen, die f\u00fcr die r\u00e4umliche Zuordnung dienen, werden daf\u00fcr vorab \u201emaskiert\u201c (um gewisse Ziffern verk\u00fcrzt). Weitere Einzelheiten erl\u00e4utert Google in seiner <a href=\"https:\/\/policies.google.com\/privacy\/partners\" target=\"_blank\" rel=\"noopener noreferrer\"><u>Datenschutzdokumentation<\/u><\/a>.<\/p>\n<p>Sie k\u00f6nnen Google Analytics f\u00fcr Ihren Browser mittels eines <a href=\"https:\/\/tools.google.com\/dlpage\/gaoptout\" target=\"_blank\" rel=\"noopener noreferrer\"><u>Add-on<\/u><\/a> deaktivieren.<\/p>\n<h4>Google Ads<\/h4>\n<p>Google Ads sind Werbeangebote von Google, welche Cookies einsetzen, um Besucher unserer Webseite auf anderen Diensten wiederzukennen. Sie k\u00f6nnen dies durch Einstellungen Ihres Browsers ablehnen, die Sie auf der <a href=\"https:\/\/myaccount.google.com\/not-supported\" target=\"_blank\" rel=\"noopener noreferrer\"><u>Auswahl-Seite von Google<\/u><\/a> vornehmen k\u00f6nnen.<\/p>\n<h4>Google Ads Conversions<\/h4>\n<p>Google Ads Conversions erlauben es uns zu ermitteln, wie Klicks auf Anzeigen oder Informationen auf Plattformen von Google effektiv zu Transaktionen und \u00e4hnlichen Handlungen der Nutzer bei uns f\u00fchren. Diese Funktionen verwenden tempor\u00e4re Cookies von Google und verarbeiten keine individuellen Nutzerdaten. Sie k\u00f6nnen gegen die Anwendung dieser Cookies die von Google bereitgestellten Optionen nutzen bzw. entsprechende Browser-Einstellungen vornehmen.<\/p>\n<\/div><\/div><\/div><style type=\"text\/css\">.fusion-body .fusion-builder-column-1{width:100% !important;margin-top : 0px;margin-bottom : 20px;}.fusion-builder-column-1 > .fusion-column-wrapper {padding-top : 0px !important;padding-right : 0px !important;margin-right : 1.92%;padding-bottom : 0px !important;padding-left : 0px !important;margin-left : 1.92%;}@media only screen and (max-width:1024px) {.fusion-body .fusion-builder-column-1{width:100% !important;order : 0;}.fusion-builder-column-1 > .fusion-column-wrapper {margin-right : 1.92%;margin-left : 1.92%;}}@media only screen and (max-width:640px) {.fusion-body .fusion-builder-column-1{width:100% !important;order : 0;}.fusion-builder-column-1 > .fusion-column-wrapper {margin-right : 1.92%;margin-left : 1.92%;}}<\/style><\/div><style type=\"text\/css\">.fusion-body .fusion-flex-container.fusion-builder-row-2{ padding-top : 0px;margin-top : 0px;padding-right : 0px;padding-bottom : 0px;margin-bottom : 20px;padding-left : 0px;}<\/style><\/div><\/p>\n","protected":false},"excerpt":{"rendered":"","protected":false},"author":1,"featured_media":0,"parent":0,"menu_order":0,"comment_status":"closed","ping_status":"closed","template":"100-width.php","meta":[],"yoast_head":"<!-- This site is optimized with the Yoast SEO plugin v15.7 - https:\/\/yoast.com\/wordpress\/plugins\/seo\/ -->\n<title>Datenschutzerkl\u00e4rung - von Rohr Armaturen AG<\/title>\n<meta name=\"robots\" content=\"noindex, follow, max-snippet:-1, max-image-preview:large, max-video-preview:-1\" \/>\n<meta property=\"og:locale\" content=\"de_DE\" \/>\n<meta property=\"og:type\" content=\"article\" \/>\n<meta property=\"og:title\" content=\"Datenschutzerkl\u00e4rung - von Rohr Armaturen AG\" \/>\n<meta property=\"og:url\" content=\"https:\/\/windwork-entwicklung.ch\/entvonrohr\/datenschutzerklaerung\/\" \/>\n<meta property=\"og:site_name\" content=\"von Rohr Armaturen AG\" \/>\n<meta property=\"article:modified_time\" content=\"2021-01-18T09:48:38+00:00\" \/>\n<meta name=\"twitter:card\" content=\"summary_large_image\" \/>\n<meta name=\"twitter:label1\" content=\"Gesch\u00e4tzte Lesezeit\">\n\t<meta name=\"twitter:data1\" content=\"11\u00a0Minuten\">\n<script type=\"application\/ld+json\" class=\"yoast-schema-graph\">{\"@context\":\"https:\/\/schema.org\",\"@graph\":[{\"@type\":\"WebSite\",\"@id\":\"https:\/\/windwork-entwicklung.ch\/entvonrohr\/#website\",\"url\":\"https:\/\/windwork-entwicklung.ch\/entvonrohr\/\",\"name\":\"von Rohr Armaturen AG\",\"description\":\"Schweizer Pr\\u00e4zision im Flow- und Stellbereich\",\"potentialAction\":[{\"@type\":\"SearchAction\",\"target\":\"https:\/\/windwork-entwicklung.ch\/entvonrohr\/?s={search_term_string}\",\"query-input\":\"required name=search_term_string\"}],\"inLanguage\":\"de\"},{\"@type\":\"WebPage\",\"@id\":\"https:\/\/windwork-entwicklung.ch\/entvonrohr\/datenschutzerklaerung\/#webpage\",\"url\":\"https:\/\/windwork-entwicklung.ch\/entvonrohr\/datenschutzerklaerung\/\",\"name\":\"Datenschutzerkl\\u00e4rung - von Rohr Armaturen AG\",\"isPartOf\":{\"@id\":\"https:\/\/windwork-entwicklung.ch\/entvonrohr\/#website\"},\"datePublished\":\"2020-11-23T13:50:37+00:00\",\"dateModified\":\"2021-01-18T09:48:38+00:00\",\"inLanguage\":\"de\",\"potentialAction\":[{\"@type\":\"ReadAction\",\"target\":[\"https:\/\/windwork-entwicklung.ch\/entvonrohr\/datenschutzerklaerung\/\"]}]}]}<\/script>\n<!-- \/ Yoast SEO plugin. -->","_links":{"self":[{"href":"https:\/\/windwork-entwicklung.ch\/entvonrohr\/wp-json\/wp\/v2\/pages\/3856"}],"collection":[{"href":"https:\/\/windwork-entwicklung.ch\/entvonrohr\/wp-json\/wp\/v2\/pages"}],"about":[{"href":"https:\/\/windwork-entwicklung.ch\/entvonrohr\/wp-json\/wp\/v2\/types\/page"}],"author":[{"embeddable":true,"href":"https:\/\/windwork-entwicklung.ch\/entvonrohr\/wp-json\/wp\/v2\/users\/1"}],"replies":[{"embeddable":true,"href":"https:\/\/windwork-entwicklung.ch\/entvonrohr\/wp-json\/wp\/v2\/comments?post=3856"}],"version-history":[{"count":7,"href":"https:\/\/windwork-entwicklung.ch\/entvonrohr\/wp-json\/wp\/v2\/pages\/3856\/revisions"}],"predecessor-version":[{"id":4287,"href":"https:\/\/windwork-entwicklung.ch\/entvonrohr\/wp-json\/wp\/v2\/pages\/3856\/revisions\/4287"}],"wp:attachment":[{"href":"https:\/\/windwork-entwicklung.ch\/entvonrohr\/wp-json\/wp\/v2\/media?parent=3856"}],"curies":[{"name":"wp","href":"https:\/\/api.w.org\/{rel}","templated":true}]}}