{"id":3863,"date":"2020-11-23T13:53:59","date_gmt":"2020-11-23T13:53:59","guid":{"rendered":"https:\/\/windwork-entwicklung.ch\/entvonrohr\/?page_id=3863"},"modified":"2021-02-02T09:17:35","modified_gmt":"2021-02-02T09:17:35","slug":"impressum","status":"publish","type":"page","link":"https:\/\/windwork-entwicklung.ch\/entvonrohr\/impressum\/","title":{"rendered":"Impressum"},"content":{"rendered":"<p><div class=\"fusion-fullwidth fullwidth-box fusion-builder-row-1 fusion-flex-container fusion-parallax-none nonhundred-percent-fullwidth non-hundred-percent-height-scrolling\" style=\"background-color: rgba(255,255,255,0);background-image: url(&quot;https:\/\/windwork-entwicklung.ch\/entvonrohr\/wp-content\/uploads\/2020\/11\/Image4.png&quot;);background-position: center center;background-repeat: no-repeat;border-width: 0px 0px 0px 0px;border-color:#eae9e9;border-style:solid;-webkit-background-size:cover;-moz-background-size:cover;-o-background-size:cover;background-size:cover;\" ><div class=\"fusion-builder-row fusion-row fusion-flex-align-items-flex-start\" style=\"max-width:1216.8px;margin-left: calc(-4% \/ 2 );margin-right: calc(-4% \/ 2 );\"><div class=\"fusion-layout-column fusion_builder_column fusion-builder-column-0 fusion_builder_column_1_1 1_1 fusion-flex-column\"><div class=\"fusion-column-wrapper fusion-flex-justify-content-flex-start fusion-content-layout-column\" style=\"background-position:left top;background-repeat:no-repeat;-webkit-background-size:cover;-moz-background-size:cover;-o-background-size:cover;background-size:cover;padding: 0px 0px 0px 0px;\"><div class=\"fusion-separator fusion-no-small-visibility fusion-full-width-sep\" style=\"align-self: center;margin-left: auto;margin-right: auto;margin-top:160px;width:100%;\"><\/div><div class=\"fusion-separator fusion-no-medium-visibility fusion-no-large-visibility fusion-full-width-sep\" style=\"align-self: center;margin-left: auto;margin-right: auto;margin-top:80px;width:100%;\"><\/div><\/div><\/div><style type=\"text\/css\">.fusion-body .fusion-builder-column-0{width:100% !important;margin-top : 0px;margin-bottom : 20px;}.fusion-builder-column-0 > .fusion-column-wrapper {padding-top : 0px !important;padding-right : 0px !important;margin-right : 1.92%;padding-bottom : 0px !important;padding-left : 0px !important;margin-left : 1.92%;}@media only screen and (max-width:1024px) {.fusion-body .fusion-builder-column-0{width:100% !important;order : 0;}.fusion-builder-column-0 > .fusion-column-wrapper {margin-right : 1.92%;margin-left : 1.92%;}}@media only screen and (max-width:640px) {.fusion-body .fusion-builder-column-0{width:100% !important;order : 0;}.fusion-builder-column-0 > .fusion-column-wrapper {margin-right : 1.92%;margin-left : 1.92%;}}<\/style><\/div><style type=\"text\/css\">.fusion-body .fusion-flex-container.fusion-builder-row-1{ padding-top : 0px;margin-top : 0px;padding-right : 0px;padding-bottom : 0px;margin-bottom : 0px;padding-left : 0px;}<\/style><\/div><div class=\"fusion-fullwidth fullwidth-box fusion-builder-row-2 fusion-flex-container nonhundred-percent-fullwidth non-hundred-percent-height-scrolling\" style=\"background-color: #ffffff;background-position: center center;background-repeat: no-repeat;border-width: 0px 0px 0px 0px;border-color:#eae9e9;border-style:solid;\" ><div class=\"fusion-builder-row fusion-row fusion-flex-align-items-flex-start\" style=\"max-width:1216.8px;margin-left: calc(-4% \/ 2 );margin-right: calc(-4% \/ 2 );\"><div class=\"fusion-layout-column fusion_builder_column fusion-builder-column-1 fusion_builder_column_1_1 1_1 fusion-flex-column\"><div class=\"fusion-column-wrapper fusion-flex-justify-content-flex-start fusion-content-layout-column\" style=\"background-position:left top;background-repeat:no-repeat;-webkit-background-size:cover;-moz-background-size:cover;-o-background-size:cover;background-size:cover;padding: 0px 0px 0px 0px;\"><div class=\"fusion-separator fusion-full-width-sep\" style=\"align-self: center;margin-left: auto;margin-right: auto;margin-top:50px;width:100%;\"><\/div><style type=\"text\/css\">@media only screen and (max-width:1024px) {.fusion-title.fusion-title-1{margin-top:0px!important;margin-bottom:0px!important;}}<\/style><div class=\"fusion-title title fusion-title-1 fusion-title-text fusion-title-size-one\" style=\"font-size:30px;margin-top:0px;margin-bottom:0px;\"><div class=\"title-sep-container title-sep-container-left fusion-no-large-visibility fusion-no-medium-visibility fusion-no-small-visibility\"><div class=\"title-sep sep-\" style=\"border-color:#e2e2e2;\"><\/div><\/div><h1 class=\"title-heading-left\" style=\"margin:0;font-size:1em;\">Impressum<\/h1><div class=\"title-sep-container title-sep-container-right\"><div class=\"title-sep sep-\" style=\"border-color:#e2e2e2;\"><\/div><\/div><\/div><div class=\"fusion-separator fusion-full-width-sep\" style=\"align-self: center;margin-left: auto;margin-right: auto;margin-top:20px;width:100%;\"><\/div><div ><span class=\" fusion-imageframe imageframe-none imageframe-1 hover-type-none\" style=\"width:100%;max-width:70px;\"><img width=\"72\" height=\"6\" title=\"von Rohr\" src=\"https:\/\/windwork-entwicklung.ch\/entvonrohr\/wp-content\/uploads\/2020\/11\/von-Rohr-1.png\" class=\"img-responsive wp-image-3734\"\/><\/span><\/div><div class=\"fusion-separator fusion-full-width-sep\" style=\"align-self: center;margin-left: auto;margin-right: auto;margin-top:20px;width:100%;\"><\/div><div class=\"fusion-text fusion-text-1\" style=\"transform:translate3d(0,0,0);\"><div class=\"entry-content clearfix\">\n<h4>Verantwortlich f\u00fcr den Inhalt dieser Website<\/h4>\n<p>von Rohr Armaturen AG<br \/>\nFichtenhagstrasse 4, CH-4132 Muttenz<br \/>\nTel. +41 (0)61 467 91 20<br \/>\nFax +41 (0)61 467 91 21<br \/>\ninfo{at}von-rohr.ch<br \/>\nwww.von-rohr.ch<\/p>\n<h4>Haftungsausschluss<\/h4>\n<p>Die von Rohr Armaturen AG \u00fcbernimmt keine Haftung f\u00fcr die Aktualit\u00e4t und die Richtigkeit der in dieser Website publizierten Daten. Die von Rohr Armaturen AG hat keinen Einfluss auf mittels Links von anderen Informationsanbietern zug\u00e4nglich gemachten Informationen und lehnt deshalb jede Verantwortung f\u00fcr Web-Seiten Dritter ab.<\/p>\n<h4>Gestaltung und technische Realisation<\/h4>\n<p>Windwork Consulting GmbH<br \/>\n<a href=\"http:\/\/www.windwork-consulting.ch\">www.windwork-consulting.ch<\/a><\/p>\n<\/div>\n<\/div><\/div><\/div><style type=\"text\/css\">.fusion-body .fusion-builder-column-1{width:100% !important;margin-top : 0px;margin-bottom : 20px;}.fusion-builder-column-1 > .fusion-column-wrapper {padding-top : 0px !important;padding-right : 0px !important;margin-right : 1.92%;padding-bottom : 0px !important;padding-left : 0px !important;margin-left : 1.92%;}@media only screen and (max-width:1024px) {.fusion-body .fusion-builder-column-1{width:100% !important;order : 0;}.fusion-builder-column-1 > .fusion-column-wrapper {margin-right : 1.92%;margin-left : 1.92%;}}@media only screen and (max-width:640px) {.fusion-body .fusion-builder-column-1{width:100% !important;order : 0;}.fusion-builder-column-1 > .fusion-column-wrapper {margin-right : 1.92%;margin-left : 1.92%;}}<\/style><\/div><style type=\"text\/css\">.fusion-body .fusion-flex-container.fusion-builder-row-2{ padding-top : 0px;margin-top : 0px;padding-right : 0px;padding-bottom : 0px;margin-bottom : 20px;padding-left : 0px;}<\/style><\/div><\/p>\n","protected":false},"excerpt":{"rendered":"","protected":false},"author":1,"featured_media":0,"parent":0,"menu_order":0,"comment_status":"closed","ping_status":"closed","template":"100-width.php","meta":[],"yoast_head":"<!-- This site is optimized with the Yoast SEO plugin v15.7 - https:\/\/yoast.com\/wordpress\/plugins\/seo\/ -->\n<title>Impressum I von Rohr Armaturen AG<\/title>\n<meta name=\"description\" content=\"Verantwortlich f\u00fcr den Inhalt dieser Website von Rohr Armaturen AG, Fichtenhagstrasse 4, CH-4132 Muttenz Realisation: Windwork Consulting GmbH\" \/>\n<meta name=\"robots\" content=\"noindex, follow, max-snippet:-1, max-image-preview:large, max-video-preview:-1\" \/>\n<meta property=\"og:locale\" content=\"de_DE\" \/>\n<meta property=\"og:type\" content=\"article\" \/>\n<meta property=\"og:title\" content=\"Impressum I von Rohr Armaturen AG\" \/>\n<meta property=\"og:description\" content=\"Verantwortlich f\u00fcr den Inhalt dieser Website von Rohr Armaturen AG, Fichtenhagstrasse 4, CH-4132 Muttenz Realisation: Windwork Consulting GmbH\" \/>\n<meta property=\"og:url\" content=\"https:\/\/windwork-entwicklung.ch\/entvonrohr\/impressum\/\" \/>\n<meta property=\"og:site_name\" content=\"von Rohr Armaturen AG\" \/>\n<meta property=\"article:modified_time\" content=\"2021-02-02T09:17:35+00:00\" \/>\n<meta name=\"twitter:card\" content=\"summary_large_image\" \/>\n<meta name=\"twitter:label1\" content=\"Gesch\u00e4tzte Lesezeit\">\n\t<meta name=\"twitter:data1\" content=\"9\u00a0Minuten\">\n<script type=\"application\/ld+json\" class=\"yoast-schema-graph\">{\"@context\":\"https:\/\/schema.org\",\"@graph\":[{\"@type\":\"WebSite\",\"@id\":\"https:\/\/windwork-entwicklung.ch\/entvonrohr\/#website\",\"url\":\"https:\/\/windwork-entwicklung.ch\/entvonrohr\/\",\"name\":\"von Rohr Armaturen AG\",\"description\":\"Schweizer Pr\\u00e4zision im Flow- und Stellbereich\",\"potentialAction\":[{\"@type\":\"SearchAction\",\"target\":\"https:\/\/windwork-entwicklung.ch\/entvonrohr\/?s={search_term_string}\",\"query-input\":\"required name=search_term_string\"}],\"inLanguage\":\"de\"},{\"@type\":\"WebPage\",\"@id\":\"https:\/\/windwork-entwicklung.ch\/entvonrohr\/impressum\/#webpage\",\"url\":\"https:\/\/windwork-entwicklung.ch\/entvonrohr\/impressum\/\",\"name\":\"Impressum I von Rohr Armaturen AG\",\"isPartOf\":{\"@id\":\"https:\/\/windwork-entwicklung.ch\/entvonrohr\/#website\"},\"datePublished\":\"2020-11-23T13:53:59+00:00\",\"dateModified\":\"2021-02-02T09:17:35+00:00\",\"description\":\"Verantwortlich f\\u00fcr den Inhalt dieser Website von Rohr Armaturen AG, Fichtenhagstrasse 4, CH-4132 Muttenz Realisation: Windwork Consulting GmbH\",\"inLanguage\":\"de\",\"potentialAction\":[{\"@type\":\"ReadAction\",\"target\":[\"https:\/\/windwork-entwicklung.ch\/entvonrohr\/impressum\/\"]}]}]}<\/script>\n<!-- \/ Yoast SEO plugin. -->","_links":{"self":[{"href":"https:\/\/windwork-entwicklung.ch\/entvonrohr\/wp-json\/wp\/v2\/pages\/3863"}],"collection":[{"href":"https:\/\/windwork-entwicklung.ch\/entvonrohr\/wp-json\/wp\/v2\/pages"}],"about":[{"href":"https:\/\/windwork-entwicklung.ch\/entvonrohr\/wp-json\/wp\/v2\/types\/page"}],"author":[{"embeddable":true,"href":"https:\/\/windwork-entwicklung.ch\/entvonrohr\/wp-json\/wp\/v2\/users\/1"}],"replies":[{"embeddable":true,"href":"https:\/\/windwork-entwicklung.ch\/entvonrohr\/wp-json\/wp\/v2\/comments?post=3863"}],"version-history":[{"count":6,"href":"https:\/\/windwork-entwicklung.ch\/entvonrohr\/wp-json\/wp\/v2\/pages\/3863\/revisions"}],"predecessor-version":[{"id":5536,"href":"https:\/\/windwork-entwicklung.ch\/entvonrohr\/wp-json\/wp\/v2\/pages\/3863\/revisions\/5536"}],"wp:attachment":[{"href":"https:\/\/windwork-entwicklung.ch\/entvonrohr\/wp-json\/wp\/v2\/media?parent=3863"}],"curies":[{"name":"wp","href":"https:\/\/api.w.org\/{rel}","templated":true}]}}